{"id":7987,"date":"2024-09-01T19:37:28","date_gmt":"2024-09-01T19:37:28","guid":{"rendered":"https:\/\/bleudubai.com\/product\/bilhete-para-o-parque-aquatico-legoland\/"},"modified":"2024-11-13T08:47:05","modified_gmt":"2024-11-13T08:47:05","slug":"bilhete-para-o-parque-aquatico-legoland","status":"publish","type":"product","link":"https:\/\/bleudubai.com\/pt-pt\/produto\/bilhete-para-o-parque-aquatico-legoland\/","title":{"rendered":"Bilhete para o parque aqu\u00e1tico Legoland"},"content":{"rendered":"<p>Mergulhe num mundo de aventura LEGO\u00ae no LEGOLAND\u00ae Water Park, o \u00fanico parque aqu\u00e1tico da regi\u00e3o especialmente concebido para fam\u00edlias com crian\u00e7as dos 2 aos 12 anos.<\/p>\n<p>D\u00ea asas \u00e0 sua criatividade e imagina\u00e7\u00e3o com mais de 20 escorregas aqu\u00e1ticos e atrac\u00e7\u00f5es com a tem\u00e1tica LEGO\u00ae, incluindo a Piscina de Ondas LEGO\u00ae, a \u00c1rea de Brincadeiras para Crian\u00e7as DUPLO\u00ae e o Rio Build-A-Raft, onde pode desenhar e construir a sua pr\u00f3pria jangada LEGO\u00ae.<\/p>\n<p>Um dia incr\u00edvel espera por si!<\/p>\n","protected":false},"excerpt":{"rendered":"<p>Reserve o seu bilhete para o parque aqu\u00e1tico Legoland, concebido especialmente para crian\u00e7as dos 2 aos 12 anos e respectivas fam\u00edlias. Desfrute de uma experi\u00eancia aqu\u00e1tica \u00fanica com mais de 20 escorregas e atrac\u00e7\u00f5es com a tem\u00e1tica LEGO\u00ae. <\/p>\n","protected":false},"featured_media":6233,"comment_status":"open","ping_status":"closed","template":"","meta":{"_acf_changed":false},"product_brand":[],"product_cat":[145,165],"product_tag":[],"class_list":{"0":"post-7987","1":"product","2":"type-product","3":"status-publish","4":"has-post-thumbnail","6":"product_cat-atividades-aquaticas","7":"product_cat-atividades-familiares","9":"first","10":"instock","11":"shipping-taxable","12":"purchasable","13":"product-type-simple"},"acf":[],"_links":{"self":[{"href":"https:\/\/bleudubai.com\/pt-pt\/wp-json\/wp\/v2\/product\/7987","targetHints":{"allow":["GET"]}}],"collection":[{"href":"https:\/\/bleudubai.com\/pt-pt\/wp-json\/wp\/v2\/product"}],"about":[{"href":"https:\/\/bleudubai.com\/pt-pt\/wp-json\/wp\/v2\/types\/product"}],"replies":[{"embeddable":true,"href":"https:\/\/bleudubai.com\/pt-pt\/wp-json\/wp\/v2\/comments?post=7987"}],"wp:featuredmedia":[{"embeddable":true,"href":"https:\/\/bleudubai.com\/pt-pt\/wp-json\/wp\/v2\/media\/6233"}],"wp:attachment":[{"href":"https:\/\/bleudubai.com\/pt-pt\/wp-json\/wp\/v2\/media?parent=7987"}],"wp:term":[{"taxonomy":"product_brand","embeddable":true,"href":"https:\/\/bleudubai.com\/pt-pt\/wp-json\/wp\/v2\/product_brand?post=7987"},{"taxonomy":"product_cat","embeddable":true,"href":"https:\/\/bleudubai.com\/pt-pt\/wp-json\/wp\/v2\/product_cat?post=7987"},{"taxonomy":"product_tag","embeddable":true,"href":"https:\/\/bleudubai.com\/pt-pt\/wp-json\/wp\/v2\/product_tag?post=7987"}],"curies":[{"name":"wp","href":"https:\/\/api.w.org\/{rel}","templated":true}]}}