{"id":7988,"date":"2024-09-01T19:37:28","date_gmt":"2024-09-01T19:37:28","guid":{"rendered":"https:\/\/bleudubai.com\/product\/bilhete-de-entrada-para-o-yas-waterworld-abu-dhabi\/"},"modified":"2025-10-11T07:36:53","modified_gmt":"2025-10-11T03:36:53","slug":"bilhete-de-entrada-para-o-yas-waterworld-abu-dhabi","status":"publish","type":"product","link":"https:\/\/bleudubai.com\/pt-pt\/produto\/bilhete-de-entrada-para-o-yas-waterworld-abu-dhabi\/","title":{"rendered":"Bilhete de entrada para o Yas Waterworld Abu Dhabi"},"content":{"rendered":"<p>O Yas Waterworld de Abu Dhabi oferece uma experi\u00eancia aqu\u00e1tica \u00fanica. Com mais de 40 atra\u00e7\u00f5es, escorregas e escorregas para todos os gostos, incluindo o lend\u00e1rio Bandit Bomber e o Liwa Loop, este parque reflete a hist\u00f3ria dos Emirados no mergulho de p\u00e9rolas. Para evitar as filas de espera, aconselhamos que escolha o bilhete \u201cSkip the line\u201d para aproveitar ao m\u00e1ximo o seu dia. Pode tamb\u00e9m andar na maior onda artificial do mundo e descobrir o mergulho com p\u00e9rolas. Restaurantes e atrac\u00e7\u00f5es familiares tamb\u00e9m est\u00e3o dispon\u00edveis.<\/p>\n","protected":false},"excerpt":{"rendered":"<p>Explore o maior parque aqu\u00e1tico da regi\u00e3o, com mais de 40 passeios, escorregas e atrac\u00e7\u00f5es. Mergulhe na hist\u00f3ria das p\u00e9rolas dos Emirados enquanto desafia a maior onda artificial do mundo. <\/p>\n","protected":false},"featured_media":6218,"comment_status":"open","ping_status":"closed","template":"","meta":{"_acf_changed":false},"product_brand":[],"product_cat":[175,165,170,195,200],"product_tag":[],"class_list":{"0":"post-7988","1":"product","2":"type-product","3":"status-publish","4":"has-post-thumbnail","6":"product_cat-atividades-em-abu-dhabi","7":"product_cat-atividades-familiares","8":"product_cat-atividades-imperdiveis","9":"product_cat-os-imperdiveis","10":"product_cat-parques-de-diversoes","12":"first","13":"instock","14":"shipping-taxable","15":"purchasable","16":"product-type-simple"},"acf":[],"_links":{"self":[{"href":"https:\/\/bleudubai.com\/pt-pt\/wp-json\/wp\/v2\/product\/7988","targetHints":{"allow":["GET"]}}],"collection":[{"href":"https:\/\/bleudubai.com\/pt-pt\/wp-json\/wp\/v2\/product"}],"about":[{"href":"https:\/\/bleudubai.com\/pt-pt\/wp-json\/wp\/v2\/types\/product"}],"replies":[{"embeddable":true,"href":"https:\/\/bleudubai.com\/pt-pt\/wp-json\/wp\/v2\/comments?post=7988"}],"wp:featuredmedia":[{"embeddable":true,"href":"https:\/\/bleudubai.com\/pt-pt\/wp-json\/wp\/v2\/media\/6218"}],"wp:attachment":[{"href":"https:\/\/bleudubai.com\/pt-pt\/wp-json\/wp\/v2\/media?parent=7988"}],"wp:term":[{"taxonomy":"product_brand","embeddable":true,"href":"https:\/\/bleudubai.com\/pt-pt\/wp-json\/wp\/v2\/product_brand?post=7988"},{"taxonomy":"product_cat","embeddable":true,"href":"https:\/\/bleudubai.com\/pt-pt\/wp-json\/wp\/v2\/product_cat?post=7988"},{"taxonomy":"product_tag","embeddable":true,"href":"https:\/\/bleudubai.com\/pt-pt\/wp-json\/wp\/v2\/product_tag?post=7988"}],"curies":[{"name":"wp","href":"https:\/\/api.w.org\/{rel}","templated":true}]}}