{"id":7989,"date":"2024-09-01T19:37:28","date_gmt":"2024-09-01T19:37:28","guid":{"rendered":"https:\/\/bleudubai.com\/product\/encontro-com-os-leoes-marinhos-no-atlantis-acesso-ao-parque-aquatico-aquaventure\/"},"modified":"2025-10-01T18:26:01","modified_gmt":"2025-10-01T14:26:01","slug":"encontro-com-os-leoes-marinhos-no-atlantis-acesso-ao-parque-aquatico-aquaventure","status":"publish","type":"product","link":"https:\/\/bleudubai.com\/pt-pt\/produto\/encontro-com-os-leoes-marinhos-no-atlantis-acesso-ao-parque-aquatico-aquaventure\/","title":{"rendered":"Encontro com os le\u00f5es-marinhos no Atlantis + Acesso ao parque aqu\u00e1tico Aquaventure"},"content":{"rendered":"<p>Conhe\u00e7a os le\u00f5es-marinhos no Parque Aqu\u00e1tico Atlantis Descubra o Sea Lion Point, uma atividade familiar no Dubai! Esta experi\u00eancia \u00fanica permite-lhe conhecer os encantadores le\u00f5es-marinhos do Aquaventure. Aproxime-se deles e capte o momento com uma fotografia gratuita. Adequado para todas as idades para uma experi\u00eancia memor\u00e1vel. Conhe\u00e7a as focas de pelo da \u00c1frica do Sul. Aproxime-se dos encantadores lobos-marinhos sul-africanos em Sea Lion Point e desfrute de um momento privado enquanto os cumprimenta. O seu guia apresent\u00e1-lo-\u00e1 a uma encantadora fam\u00edlia de le\u00f5es-marinhos e poder\u00e1 cimentar a sua nova amizade com um beijo de c\u00f3cegas nos seus bigodes espessos. Ou\u00e7a o seu guia contar anedotas interessantes sobre o seu comportamento e habitat para saber mais sobre estes animais fascinantes.<\/p>\n","protected":false},"excerpt":{"rendered":"<p>Conhe\u00e7a le\u00f5es marinhos e lobos marinhos no Atlantis Water Park em Dubai. Uma experi\u00eancia inesquec\u00edvel para toda a fam\u00edlia. <\/p>\n","protected":false},"featured_media":6203,"comment_status":"open","ping_status":"closed","template":"","meta":{"_acf_changed":false},"product_brand":[],"product_cat":[150,200],"product_tag":[],"class_list":{"0":"post-7989","1":"product","2":"type-product","3":"status-publish","4":"has-post-thumbnail","6":"product_cat-atividades-combinadas","7":"product_cat-parques-de-diversoes","9":"first","10":"instock","11":"shipping-taxable","12":"purchasable","13":"product-type-simple"},"acf":[],"_links":{"self":[{"href":"https:\/\/bleudubai.com\/pt-pt\/wp-json\/wp\/v2\/product\/7989","targetHints":{"allow":["GET"]}}],"collection":[{"href":"https:\/\/bleudubai.com\/pt-pt\/wp-json\/wp\/v2\/product"}],"about":[{"href":"https:\/\/bleudubai.com\/pt-pt\/wp-json\/wp\/v2\/types\/product"}],"replies":[{"embeddable":true,"href":"https:\/\/bleudubai.com\/pt-pt\/wp-json\/wp\/v2\/comments?post=7989"}],"wp:featuredmedia":[{"embeddable":true,"href":"https:\/\/bleudubai.com\/pt-pt\/wp-json\/wp\/v2\/media\/6203"}],"wp:attachment":[{"href":"https:\/\/bleudubai.com\/pt-pt\/wp-json\/wp\/v2\/media?parent=7989"}],"wp:term":[{"taxonomy":"product_brand","embeddable":true,"href":"https:\/\/bleudubai.com\/pt-pt\/wp-json\/wp\/v2\/product_brand?post=7989"},{"taxonomy":"product_cat","embeddable":true,"href":"https:\/\/bleudubai.com\/pt-pt\/wp-json\/wp\/v2\/product_cat?post=7989"},{"taxonomy":"product_tag","embeddable":true,"href":"https:\/\/bleudubai.com\/pt-pt\/wp-json\/wp\/v2\/product_tag?post=7989"}],"curies":[{"name":"wp","href":"https:\/\/api.w.org\/{rel}","templated":true}]}}