{"id":7990,"date":"2024-09-01T19:37:28","date_gmt":"2024-09-01T19:37:28","guid":{"rendered":"https:\/\/bleudubai.com\/product\/experiencia-de-mergulho-com-snorkel-no-atlantis\/"},"modified":"2024-11-13T08:52:36","modified_gmt":"2024-11-13T08:52:36","slug":"experiencia-de-mergulho-com-snorkel-no-atlantis","status":"publish","type":"product","link":"https:\/\/bleudubai.com\/pt-pt\/produto\/experiencia-de-mergulho-com-snorkel-no-atlantis\/","title":{"rendered":"Experi\u00eancia de mergulho com snorkel no Atlantis"},"content":{"rendered":"<p>Mergulhe com tubo de respira\u00e7\u00e3o na Ambassador Lagoon, com tema do Atlantis Explore o mundo subaqu\u00e1tico no Dubai com a nossa experi\u00eancia de mergulho com tubo de respira\u00e7\u00e3o no Atlantis Water Park. Descubra a vida marinha \u00fanica na Ambassador Lagoon com o tema Atlantis, onde pode rodear-se de mais de 65.000 animais marinhos coloridos. Esta experi\u00eancia \u00e9 perfeita para fam\u00edlias com crian\u00e7as a partir dos 6 anos de idade, mesmo para n\u00e3o nadadores.<\/p>\n","protected":false},"excerpt":{"rendered":"<p>Mergulhe no Ambassador Lagoon, um aqu\u00e1rio tem\u00e1tico do Atlantis, e descubra mais de 65.000 animais marinhos coloridos. Uma experi\u00eancia inesquec\u00edvel para toda a fam\u00edlia, mesmo para os que n\u00e3o nadam. <\/p>\n","protected":false},"featured_media":6188,"comment_status":"open","ping_status":"closed","template":"","meta":{"_acf_changed":false},"product_brand":[],"product_cat":[145,150,165,185,200],"product_tag":[],"class_list":{"0":"post-7990","1":"product","2":"type-product","3":"status-publish","4":"has-post-thumbnail","6":"product_cat-atividades-aquaticas","7":"product_cat-atividades-combinadas","8":"product_cat-atividades-familiares","9":"product_cat-bilhetes-de-entrada","10":"product_cat-parques-de-diversoes","12":"first","13":"instock","14":"shipping-taxable","15":"purchasable","16":"product-type-simple"},"acf":[],"_links":{"self":[{"href":"https:\/\/bleudubai.com\/pt-pt\/wp-json\/wp\/v2\/product\/7990","targetHints":{"allow":["GET"]}}],"collection":[{"href":"https:\/\/bleudubai.com\/pt-pt\/wp-json\/wp\/v2\/product"}],"about":[{"href":"https:\/\/bleudubai.com\/pt-pt\/wp-json\/wp\/v2\/types\/product"}],"replies":[{"embeddable":true,"href":"https:\/\/bleudubai.com\/pt-pt\/wp-json\/wp\/v2\/comments?post=7990"}],"wp:featuredmedia":[{"embeddable":true,"href":"https:\/\/bleudubai.com\/pt-pt\/wp-json\/wp\/v2\/media\/6188"}],"wp:attachment":[{"href":"https:\/\/bleudubai.com\/pt-pt\/wp-json\/wp\/v2\/media?parent=7990"}],"wp:term":[{"taxonomy":"product_brand","embeddable":true,"href":"https:\/\/bleudubai.com\/pt-pt\/wp-json\/wp\/v2\/product_brand?post=7990"},{"taxonomy":"product_cat","embeddable":true,"href":"https:\/\/bleudubai.com\/pt-pt\/wp-json\/wp\/v2\/product_cat?post=7990"},{"taxonomy":"product_tag","embeddable":true,"href":"https:\/\/bleudubai.com\/pt-pt\/wp-json\/wp\/v2\/product_tag?post=7990"}],"curies":[{"name":"wp","href":"https:\/\/api.w.org\/{rel}","templated":true}]}}