{"id":7991,"date":"2024-09-01T19:37:28","date_gmt":"2024-09-01T19:37:28","guid":{"rendered":"https:\/\/bleudubai.com\/product\/mergulho-com-tubaroes-com-acesso-ao-parque-aquaventure\/"},"modified":"2025-06-03T04:38:36","modified_gmt":"2025-06-03T00:38:36","slug":"mergulho-com-tubaroes-com-acesso-ao-parque-aquaventure","status":"publish","type":"product","link":"https:\/\/bleudubai.com\/pt-pt\/produto\/mergulho-com-tubaroes-com-acesso-ao-parque-aquaventure\/","title":{"rendered":"Mergulho com tubar\u00f5es com acesso ao parque Aquaventure"},"content":{"rendered":"<p>Mergulhe com tubar\u00f5es no Parque Aqu\u00e1tico Atlantis Explore as \u00e1guas profundas da Lagoa dos Tubar\u00f5es do Aquaventure e nade com tubar\u00f5es fascinantes e outros animais marinhos fant\u00e1sticos com a nossa oferta especial. Aceda ao maior parque aqu\u00e1tico do mundo e desfrute de uma experi\u00eancia inesquec\u00edvel com a fam\u00edlia e amigos. Antes de embarcar na sua aventura, a nossa equipa de especialistas dar-lhe-\u00e1 uma informa\u00e7\u00e3o educativa sobre os tubar\u00f5es e o seu habitat natural. Aprender\u00e1 a compreender melhor estas criaturas majestosas e a apreciar o seu papel no ecossistema marinho. Fornecemos todo o equipamento necess\u00e1rio para a sua seguran\u00e7a e conforto, incluindo um colete salva-vidas, uma m\u00e1scara e um tubo de respira\u00e7\u00e3o. Assim, pode concentrar-se na sua experi\u00eancia de mergulho e desfrutar ao m\u00e1ximo desta aventura \u00fanica. Para o seu bem-estar, fornecemos \u00e1gua engarrafada e refrigerantes para o manter hidratado durante toda a atividade. Para al\u00e9m desta experi\u00eancia de mergulho com tubar\u00f5es, ter\u00e1 acesso completo ao parque aqu\u00e1tico Aquaventure no mesmo dia. Desfrute de todas as atrac\u00e7\u00f5es, escorregas e piscinas para um dia cheio de divers\u00e3o e emo\u00e7\u00e3o com a fam\u00edlia e amigos. O Dubai \u00e9 o destino perfeito para umas f\u00e9rias inesquec\u00edveis e esta atividade de snorkelling com tubar\u00f5es no Atlantis Water Park \u00e9 uma experi\u00eancia a n\u00e3o perder.<\/p>\n","protected":false},"excerpt":{"rendered":"<p>Descubra uma experi\u00eancia inesquec\u00edvel de mergulho com tubar\u00f5es no Atlantis Water Park, no Dubai. Ou desfrute de um dia inesquec\u00edvel com a fam\u00edlia e os amigos no maior parque aqu\u00e1tico do mundo, o Aquaventure. <\/p>\n","protected":false},"featured_media":6173,"comment_status":"open","ping_status":"closed","template":"","meta":{"_acf_changed":false},"product_brand":[],"product_cat":[145,150,170,200],"product_tag":[],"class_list":{"0":"post-7991","1":"product","2":"type-product","3":"status-publish","4":"has-post-thumbnail","6":"product_cat-atividades-aquaticas","7":"product_cat-atividades-combinadas","8":"product_cat-atividades-imperdiveis","9":"product_cat-parques-de-diversoes","11":"first","12":"instock","13":"shipping-taxable","14":"purchasable","15":"product-type-simple"},"acf":[],"_links":{"self":[{"href":"https:\/\/bleudubai.com\/pt-pt\/wp-json\/wp\/v2\/product\/7991","targetHints":{"allow":["GET"]}}],"collection":[{"href":"https:\/\/bleudubai.com\/pt-pt\/wp-json\/wp\/v2\/product"}],"about":[{"href":"https:\/\/bleudubai.com\/pt-pt\/wp-json\/wp\/v2\/types\/product"}],"replies":[{"embeddable":true,"href":"https:\/\/bleudubai.com\/pt-pt\/wp-json\/wp\/v2\/comments?post=7991"}],"wp:featuredmedia":[{"embeddable":true,"href":"https:\/\/bleudubai.com\/pt-pt\/wp-json\/wp\/v2\/media\/6173"}],"wp:attachment":[{"href":"https:\/\/bleudubai.com\/pt-pt\/wp-json\/wp\/v2\/media?parent=7991"}],"wp:term":[{"taxonomy":"product_brand","embeddable":true,"href":"https:\/\/bleudubai.com\/pt-pt\/wp-json\/wp\/v2\/product_brand?post=7991"},{"taxonomy":"product_cat","embeddable":true,"href":"https:\/\/bleudubai.com\/pt-pt\/wp-json\/wp\/v2\/product_cat?post=7991"},{"taxonomy":"product_tag","embeddable":true,"href":"https:\/\/bleudubai.com\/pt-pt\/wp-json\/wp\/v2\/product_tag?post=7991"}],"curies":[{"name":"wp","href":"https:\/\/api.w.org\/{rel}","templated":true}]}}