{"id":7992,"date":"2024-09-01T19:37:28","date_gmt":"2024-09-01T19:37:28","guid":{"rendered":"https:\/\/bleudubai.com\/product\/mergulho-com-certificado-de-explorador-no-parque-aquatico-atlantis\/"},"modified":"2025-12-14T22:32:06","modified_gmt":"2025-12-14T18:32:06","slug":"mergulho-com-certificado-de-explorador-no-parque-aquatico-atlantis","status":"publish","type":"product","link":"https:\/\/bleudubai.com\/pt-pt\/produto\/mergulho-com-certificado-de-explorador-no-parque-aquatico-atlantis\/","title":{"rendered":"Mergulho com certificado de explorador no parque aqu\u00e1tico Atlantis"},"content":{"rendered":"<p>Mergulho com certificado de explorador no parque aqu\u00e1tico Atlantis<\/p>\n<p>Explore as misteriosas ru\u00ednas da Atl\u00e2ntida na Lagoa dos Embaixadores, lar de 65.000 animais marinhos. Esta atividade \u00e9 apenas para mergulhadores certificados e est\u00e1 aberta a mergulhadores com idade igual ou superior a 10 anos. Descubra os segredos escondidos do Atlantis na Ambassador Lagoon do Atlantis the Palm com a nossa atividade exclusiva de mergulho. Com esta experi\u00eancia, poder\u00e1 mergulhar no nosso maior habitat marinho de \u00e1guas abertas, acompanhado por um instrutor de mergulho especializado. A nossa equipa de especialistas em mergulho est\u00e1 \u00e0 disposi\u00e7\u00e3o para o guiar durante a explora\u00e7\u00e3o. Poder\u00e1 descobrir as ru\u00ednas da Atl\u00e2ntida com peixes, raias e tubar\u00f5es de recife. Fornecemos-lhe todo o equipamento necess\u00e1rio para tirar o m\u00e1ximo partido desta experi\u00eancia \u00fanica. O voucher \u00e9 v\u00e1lido para todo o dia da sua reserva e d\u00e1-lhe tamb\u00e9m acesso ao aqu\u00e1rio The Lost Chambers. <\/p>\n","protected":false},"excerpt":{"rendered":"<p>Mergulhe nas profundezas do Atlantis com a nossa excurs\u00e3o exclusiva ao parque aqu\u00e1tico Atlantis. Descubra milhares de animais marinhos e explore a Ambassador Lagoon. <\/p>\n","protected":false},"featured_media":6164,"comment_status":"open","ping_status":"closed","template":"","meta":{"_acf_changed":false},"product_brand":[],"product_cat":[145,200],"product_tag":[],"class_list":{"0":"post-7992","1":"product","2":"type-product","3":"status-publish","4":"has-post-thumbnail","6":"product_cat-atividades-aquaticas","7":"product_cat-parques-de-diversoes","9":"first","10":"instock","11":"shipping-taxable","12":"purchasable","13":"product-type-simple"},"acf":[],"_links":{"self":[{"href":"https:\/\/bleudubai.com\/pt-pt\/wp-json\/wp\/v2\/product\/7992","targetHints":{"allow":["GET"]}}],"collection":[{"href":"https:\/\/bleudubai.com\/pt-pt\/wp-json\/wp\/v2\/product"}],"about":[{"href":"https:\/\/bleudubai.com\/pt-pt\/wp-json\/wp\/v2\/types\/product"}],"replies":[{"embeddable":true,"href":"https:\/\/bleudubai.com\/pt-pt\/wp-json\/wp\/v2\/comments?post=7992"}],"wp:featuredmedia":[{"embeddable":true,"href":"https:\/\/bleudubai.com\/pt-pt\/wp-json\/wp\/v2\/media\/6164"}],"wp:attachment":[{"href":"https:\/\/bleudubai.com\/pt-pt\/wp-json\/wp\/v2\/media?parent=7992"}],"wp:term":[{"taxonomy":"product_brand","embeddable":true,"href":"https:\/\/bleudubai.com\/pt-pt\/wp-json\/wp\/v2\/product_brand?post=7992"},{"taxonomy":"product_cat","embeddable":true,"href":"https:\/\/bleudubai.com\/pt-pt\/wp-json\/wp\/v2\/product_cat?post=7992"},{"taxonomy":"product_tag","embeddable":true,"href":"https:\/\/bleudubai.com\/pt-pt\/wp-json\/wp\/v2\/product_tag?post=7992"}],"curies":[{"name":"wp","href":"https:\/\/api.w.org\/{rel}","templated":true}]}}