{"id":7993,"date":"2024-09-01T19:37:28","date_gmt":"2024-09-01T19:37:28","guid":{"rendered":"https:\/\/bleudubai.com\/product\/descobre-o-mergulho-no-parque-aquatico-atlantis\/"},"modified":"2024-11-13T09:00:13","modified_gmt":"2024-11-13T09:00:13","slug":"descobre-o-mergulho-no-parque-aquatico-atlantis","status":"publish","type":"product","link":"https:\/\/bleudubai.com\/pt-pt\/produto\/descobre-o-mergulho-no-parque-aquatico-atlantis\/","title":{"rendered":"Descobre o mergulho no parque aqu\u00e1tico Atlantis"},"content":{"rendered":"<p>Descobre o mergulho no parque aqu\u00e1tico Atlantis<\/p>\n<p>Est\u00e1 pronto para uma experi\u00eancia \u00fanica de mergulho no parque aqu\u00e1tico Atlantis The Palm, no Dubai? Oferecemos-lhe a oportunidade de descobrir as ru\u00ednas da Atl\u00e2ntida e explorar a Ambassador Lagoon, um dos maiores habitats marinhos ao ar livre do mundo, onde vivem mais de 65.000 animais marinhos. Mergulho para todos. Mesmo que n\u00e3o tenha experi\u00eancia de mergulho, pode desfrutar do nosso Atlantis Dive Discovery. Com a ajuda do nosso divemaster e do mergulhador de seguran\u00e7a, pode mergulhar a uma profundidade de 10 metros e descobrir 14 esp\u00e9cies diferentes de tubar\u00f5es e raias na lagoa Ambassador. <\/p>\n","protected":false},"excerpt":{"rendered":"<p>Explore o fundo do mar do Dubai com uma experi\u00eancia de mergulho inesquec\u00edvel na Ambassador Lagoon no parque aqu\u00e1tico Atlantis The Palm. Nade com 14 esp\u00e9cies de tubar\u00f5es e raias num aqu\u00e1rio com 65.000 animais marinhos. <\/p>\n","protected":false},"featured_media":6158,"comment_status":"open","ping_status":"closed","template":"","meta":{"_acf_changed":false},"product_brand":[],"product_cat":[145,165,185,200],"product_tag":[],"class_list":{"0":"post-7993","1":"product","2":"type-product","3":"status-publish","4":"has-post-thumbnail","6":"product_cat-atividades-aquaticas","7":"product_cat-atividades-familiares","8":"product_cat-bilhetes-de-entrada","9":"product_cat-parques-de-diversoes","11":"first","12":"instock","13":"shipping-taxable","14":"purchasable","15":"product-type-simple"},"acf":[],"_links":{"self":[{"href":"https:\/\/bleudubai.com\/pt-pt\/wp-json\/wp\/v2\/product\/7993","targetHints":{"allow":["GET"]}}],"collection":[{"href":"https:\/\/bleudubai.com\/pt-pt\/wp-json\/wp\/v2\/product"}],"about":[{"href":"https:\/\/bleudubai.com\/pt-pt\/wp-json\/wp\/v2\/types\/product"}],"replies":[{"embeddable":true,"href":"https:\/\/bleudubai.com\/pt-pt\/wp-json\/wp\/v2\/comments?post=7993"}],"wp:featuredmedia":[{"embeddable":true,"href":"https:\/\/bleudubai.com\/pt-pt\/wp-json\/wp\/v2\/media\/6158"}],"wp:attachment":[{"href":"https:\/\/bleudubai.com\/pt-pt\/wp-json\/wp\/v2\/media?parent=7993"}],"wp:term":[{"taxonomy":"product_brand","embeddable":true,"href":"https:\/\/bleudubai.com\/pt-pt\/wp-json\/wp\/v2\/product_brand?post=7993"},{"taxonomy":"product_cat","embeddable":true,"href":"https:\/\/bleudubai.com\/pt-pt\/wp-json\/wp\/v2\/product_cat?post=7993"},{"taxonomy":"product_tag","embeddable":true,"href":"https:\/\/bleudubai.com\/pt-pt\/wp-json\/wp\/v2\/product_tag?post=7993"}],"curies":[{"name":"wp","href":"https:\/\/api.w.org\/{rel}","templated":true}]}}