{"id":7994,"date":"2024-09-01T19:37:27","date_gmt":"2024-09-01T19:37:27","guid":{"rendered":"https:\/\/bleudubai.com\/product\/nadar-e-explorar-com-golfinhos-no-atlantis\/"},"modified":"2024-11-13T08:58:22","modified_gmt":"2024-11-13T08:58:22","slug":"nadar-e-explorar-com-golfinhos-no-atlantis","status":"publish","type":"product","link":"https:\/\/bleudubai.com\/pt-pt\/produto\/nadar-e-explorar-com-golfinhos-no-atlantis\/","title":{"rendered":"Nadar e explorar com golfinhos no Atlantis"},"content":{"rendered":"<p>A experi\u00eancia \u201cSwim and Explore\u201d d\u00e1-lhe a oportunidade de conhecer golfinhos em \u00e1guas pouco profundas e de nadar com eles na parte funda da lagoa. Durante 30 minutos, poder\u00e1 interagir com estas magn\u00edficas criaturas e aprender mais sobre elas. Para al\u00e9m desta experi\u00eancia \u00fanica, cada programa de intera\u00e7\u00e3o com golfinhos inclui o acesso ilimitado ao parque aqu\u00e1tico Aquaventure durante todo o dia! Poder\u00e1 desfrutar de mais de 30 escorregas e atrac\u00e7\u00f5es, bem como de uma praia privada e do nov\u00edssimo Surf&#8217;s Up wave rider. Portanto, h\u00e1 muito para fazer para toda a fam\u00edlia!<\/p>\n","protected":false},"excerpt":{"rendered":"<p>Descubra uma experi\u00eancia \u00fanica nadando em \u00e1guas profundas com os nossos golfinhos e aprendendo a cuidar deles. Os nossos especialistas gui\u00e1-lo-\u00e3o ao longo desta experi\u00eancia, reservada aos participantes que saibam nadar e tenham pelo menos 8 anos de idade. Reserve j\u00e1!  <\/p>\n","protected":false},"featured_media":6143,"comment_status":"open","ping_status":"closed","template":"","meta":{"_acf_changed":false},"product_brand":[],"product_cat":[165,170,185,195,200],"product_tag":[],"class_list":{"0":"post-7994","1":"product","2":"type-product","3":"status-publish","4":"has-post-thumbnail","6":"product_cat-atividades-familiares","7":"product_cat-atividades-imperdiveis","8":"product_cat-bilhetes-de-entrada","9":"product_cat-os-imperdiveis","10":"product_cat-parques-de-diversoes","12":"first","13":"instock","14":"shipping-taxable","15":"purchasable","16":"product-type-simple"},"acf":[],"_links":{"self":[{"href":"https:\/\/bleudubai.com\/pt-pt\/wp-json\/wp\/v2\/product\/7994","targetHints":{"allow":["GET"]}}],"collection":[{"href":"https:\/\/bleudubai.com\/pt-pt\/wp-json\/wp\/v2\/product"}],"about":[{"href":"https:\/\/bleudubai.com\/pt-pt\/wp-json\/wp\/v2\/types\/product"}],"replies":[{"embeddable":true,"href":"https:\/\/bleudubai.com\/pt-pt\/wp-json\/wp\/v2\/comments?post=7994"}],"wp:featuredmedia":[{"embeddable":true,"href":"https:\/\/bleudubai.com\/pt-pt\/wp-json\/wp\/v2\/media\/6143"}],"wp:attachment":[{"href":"https:\/\/bleudubai.com\/pt-pt\/wp-json\/wp\/v2\/media?parent=7994"}],"wp:term":[{"taxonomy":"product_brand","embeddable":true,"href":"https:\/\/bleudubai.com\/pt-pt\/wp-json\/wp\/v2\/product_brand?post=7994"},{"taxonomy":"product_cat","embeddable":true,"href":"https:\/\/bleudubai.com\/pt-pt\/wp-json\/wp\/v2\/product_cat?post=7994"},{"taxonomy":"product_tag","embeddable":true,"href":"https:\/\/bleudubai.com\/pt-pt\/wp-json\/wp\/v2\/product_tag?post=7994"}],"curies":[{"name":"wp","href":"https:\/\/api.w.org\/{rel}","templated":true}]}}