{"id":7995,"date":"2024-09-01T19:37:27","date_gmt":"2024-09-01T19:37:27","guid":{"rendered":"https:\/\/bleudubai.com\/product\/mergulha-e-brinca-com-os-golfinhos-no-atlantis\/"},"modified":"2024-11-13T09:01:47","modified_gmt":"2024-11-13T09:01:47","slug":"mergulha-e-brinca-com-os-golfinhos-no-atlantis","status":"publish","type":"product","link":"https:\/\/bleudubai.com\/pt-pt\/produto\/mergulha-e-brinca-com-os-golfinhos-no-atlantis\/","title":{"rendered":"Mergulha e brinca com os golfinhos no Atlantis"},"content":{"rendered":"<p>Nadar com golfinhos no Dubai: uma aventura inesquec\u00edvel Programa divertido e completo de observa\u00e7\u00e3o de golfinhos para toda a fam\u00edlia Uma experi\u00eancia educativa com especialistas em mam\u00edferos marinhos Descubra o programa mais completo de observa\u00e7\u00e3o de golfinhos no Dubai. Os nossos especialistas ensinar-lhe-\u00e3o tudo sobre estes mam\u00edferos marinhos inteligentes e o seu comportamento. O programa est\u00e1 aberto a todas as idades e capacidades de nata\u00e7\u00e3o. Vai divertir-se imenso com a sua fam\u00edlia e amigos. Um encontro \u00fanico com golfinhos em \u00e1guas cristalinas e pouco profundas Experimente um encontro \u00fanico com golfinhos em \u00e1guas cristalinas e pouco profundas. A vela at\u00e9 \u00e0 cintura permite-lhe admirar os seus talentos e brincar com eles. Esta aventura inesquec\u00edvel \u00e9 adequada para todas as idades, mesmo para os que n\u00e3o nadam. Momentos de divers\u00e3o num complexo de renome mundial. Depois deste encontro \u00fanico com os golfinhos, continue a divers\u00e3o nos famosos escorregas e passeios emocionantes do Aquaventure. Pode tamb\u00e9m desfrutar das muitas praias privadas e confort\u00e1veis dispon\u00edveis neste magn\u00edfico complexo.<\/p>\n","protected":false},"excerpt":{"rendered":"<p>Descubra a experi\u00eancia inesquec\u00edvel de nadar com golfinhos no Dubai! O nosso programa completo de observa\u00e7\u00e3o de golfinhos permite-lhe descobrir estes mam\u00edferos marinhos inteligentes em \u00e1guas cristalinas e pouco profundas. <\/p>\n","protected":false},"featured_media":6128,"comment_status":"open","ping_status":"closed","template":"","meta":{"_acf_changed":false},"product_brand":[],"product_cat":[165,200],"product_tag":[],"class_list":{"0":"post-7995","1":"product","2":"type-product","3":"status-publish","4":"has-post-thumbnail","6":"product_cat-atividades-familiares","7":"product_cat-parques-de-diversoes","9":"first","10":"instock","11":"shipping-taxable","12":"purchasable","13":"product-type-simple"},"acf":[],"_links":{"self":[{"href":"https:\/\/bleudubai.com\/pt-pt\/wp-json\/wp\/v2\/product\/7995","targetHints":{"allow":["GET"]}}],"collection":[{"href":"https:\/\/bleudubai.com\/pt-pt\/wp-json\/wp\/v2\/product"}],"about":[{"href":"https:\/\/bleudubai.com\/pt-pt\/wp-json\/wp\/v2\/types\/product"}],"replies":[{"embeddable":true,"href":"https:\/\/bleudubai.com\/pt-pt\/wp-json\/wp\/v2\/comments?post=7995"}],"wp:featuredmedia":[{"embeddable":true,"href":"https:\/\/bleudubai.com\/pt-pt\/wp-json\/wp\/v2\/media\/6128"}],"wp:attachment":[{"href":"https:\/\/bleudubai.com\/pt-pt\/wp-json\/wp\/v2\/media?parent=7995"}],"wp:term":[{"taxonomy":"product_brand","embeddable":true,"href":"https:\/\/bleudubai.com\/pt-pt\/wp-json\/wp\/v2\/product_brand?post=7995"},{"taxonomy":"product_cat","embeddable":true,"href":"https:\/\/bleudubai.com\/pt-pt\/wp-json\/wp\/v2\/product_cat?post=7995"},{"taxonomy":"product_tag","embeddable":true,"href":"https:\/\/bleudubai.com\/pt-pt\/wp-json\/wp\/v2\/product_tag?post=7995"}],"curies":[{"name":"wp","href":"https:\/\/api.w.org\/{rel}","templated":true}]}}