{"id":7996,"date":"2024-09-01T19:37:27","date_gmt":"2024-09-01T15:37:27","guid":{"rendered":"https:\/\/bleudubai.com\/product\/bilhete-para-o-aquario-lost-chambers\/"},"modified":"2024-11-13T09:03:02","modified_gmt":"2024-11-13T09:03:02","slug":"bilhete-para-o-aquario-lost-chambers","status":"publish","type":"product","link":"https:\/\/bleudubai.com\/pt-pt\/produto\/bilhete-para-o-aquario-lost-chambers\/","title":{"rendered":"Bilhete para o aqu\u00e1rio Lost Chambers"},"content":{"rendered":"<p>Descubra a incr\u00edvel vida marinha de mais de 65.000 animais quando visitar o Aqu\u00e1rio Lost Chambers no Dubai. O complexo Atlantis the Palm, situado no arquip\u00e9lago artificial Palm Jumeirah, recria de forma magn\u00edfica a famosa \u201cCidade Perdida da Atl\u00e2ntida\u201d. Mergulhe em espectaculares exposi\u00e7\u00f5es marinhas e salas para aprender mais sobre a fascinante hist\u00f3ria desta civiliza\u00e7\u00e3o h\u00e1 muito esquecida. Os nossos apaixonados instrutores marinhos est\u00e3o \u00e0 disposi\u00e7\u00e3o para lhe dar informa\u00e7\u00f5es sobre as criaturas marinhas que ir\u00e1 descobrir. Poder\u00e1 ver centenas de esp\u00e9cies nativas do Golfo P\u00e9rsico, como delicados cavalos-marinhos e impressionantes medusas, bem como o impressionante arapaima da Amaz\u00f3nia, o maior peixe de \u00e1gua doce do mundo. A entrada \u00e9 acess\u00edvel, o que faz desta uma atividade acess\u00edvel a todos os or\u00e7amentos. <\/p>\n","protected":false},"excerpt":{"rendered":"<p>Descubra o Lost Chambers Aquarium no Dubai e explore 65.000 esp\u00e9cies marinhas. Mergulhe nos mist\u00e9rios da Atl\u00e2ntida e aprenda com especialistas marinhos nesta experi\u00eancia inesquec\u00edvel. <\/p>\n","protected":false},"featured_media":6113,"comment_status":"open","ping_status":"closed","template":"","meta":{"_acf_changed":false},"product_brand":[],"product_cat":[165,185,200],"product_tag":[],"class_list":{"0":"post-7996","1":"product","2":"type-product","3":"status-publish","4":"has-post-thumbnail","6":"product_cat-atividades-familiares","7":"product_cat-bilhetes-de-entrada","8":"product_cat-parques-de-diversoes","10":"first","11":"instock","12":"shipping-taxable","13":"purchasable","14":"product-type-simple"},"acf":[],"_links":{"self":[{"href":"https:\/\/bleudubai.com\/pt-pt\/wp-json\/wp\/v2\/product\/7996","targetHints":{"allow":["GET"]}}],"collection":[{"href":"https:\/\/bleudubai.com\/pt-pt\/wp-json\/wp\/v2\/product"}],"about":[{"href":"https:\/\/bleudubai.com\/pt-pt\/wp-json\/wp\/v2\/types\/product"}],"replies":[{"embeddable":true,"href":"https:\/\/bleudubai.com\/pt-pt\/wp-json\/wp\/v2\/comments?post=7996"}],"wp:featuredmedia":[{"embeddable":true,"href":"https:\/\/bleudubai.com\/pt-pt\/wp-json\/wp\/v2\/media\/6113"}],"wp:attachment":[{"href":"https:\/\/bleudubai.com\/pt-pt\/wp-json\/wp\/v2\/media?parent=7996"}],"wp:term":[{"taxonomy":"product_brand","embeddable":true,"href":"https:\/\/bleudubai.com\/pt-pt\/wp-json\/wp\/v2\/product_brand?post=7996"},{"taxonomy":"product_cat","embeddable":true,"href":"https:\/\/bleudubai.com\/pt-pt\/wp-json\/wp\/v2\/product_cat?post=7996"},{"taxonomy":"product_tag","embeddable":true,"href":"https:\/\/bleudubai.com\/pt-pt\/wp-json\/wp\/v2\/product_tag?post=7996"}],"curies":[{"name":"wp","href":"https:\/\/api.w.org\/{rel}","templated":true}]}}