{"id":7997,"date":"2024-09-01T19:37:27","date_gmt":"2024-09-01T15:37:27","guid":{"rendered":"https:\/\/bleudubai.com\/product\/bilhete-de-entrada-para-o-atlantis-aquaventure\/"},"modified":"2026-01-23T16:49:04","modified_gmt":"2026-01-23T12:49:04","slug":"bilhete-de-entrada-para-o-atlantis-aquaventure","status":"publish","type":"product","link":"https:\/\/bleudubai.com\/pt-pt\/produto\/bilhete-de-entrada-para-o-atlantis-aquaventure\/","title":{"rendered":"Bilhete de entrada para o Atlantis Aquaventure"},"content":{"rendered":"<p>Descubra o maior parque aqu\u00e1tico do M\u00e9dio Oriente e da Europa<\/p>\n<p>Um bilhete para duas atrac\u00e7\u00f5es incr\u00edveis<\/p>\n<p>Desfrute de acesso ilimitado a duas incr\u00edveis atrac\u00e7\u00f5es aqu\u00e1ticas: Aquaventure, o maior parque aqu\u00e1tico do M\u00e9dio Oriente e da Europa, e Lost Chambers, um aqu\u00e1rio repleto de peixes ex\u00f3ticos. Com apenas um bilhete combinado, poupe nas tarifas e desfrute de duas experi\u00eancias inesquec\u00edveis num s\u00f3 lugar. <\/p>\n<p>Divers\u00e3o aqu\u00e1tica sem fim.<\/p>\n<p>O Aquaventure \u00e9 um parque aqu\u00e1tico que oferece escorregas e atrac\u00e7\u00f5es que quebram recordes. Prepare-se para emo\u00e7\u00f5es com mais de 105 escorregas e atrac\u00e7\u00f5es, um rio selvagem com 500 metros de comprimento e uma praia privada de 1 km. Gra\u00e7as \u00e0 intelig\u00eancia artificial, evite as longas filas de espera e desfrute da primeira atra\u00e7\u00e3o de escorrega duplo do mundo dentro de um \u00fanico escorrega. Com a automatiza\u00e7\u00e3o, o parque aqu\u00e1tico Aquaventure oferece uma experi\u00eancia \u00fanica.   <\/p>\n<p>Descobre o mist\u00e9rio da cidade perdida de Atl\u00e2ntida.<\/p>\n<p>Lost Chambers \u00e9 um aqu\u00e1rio que lhe permite explorar o mist\u00e9rio da cidade perdida de Atl\u00e2ntida atrav\u00e9s de 20 exposi\u00e7\u00f5es \u00fanicas. Com mais de 65.000 criaturas marinhas, incluindo tubar\u00f5es, raias e le\u00f5es-marinhos, ter\u00e1 a oportunidade de descobrir os animais marinhos como nunca antes. Caminhe entre as ru\u00ednas antigas e coloque-se na pele de um especialista em animais marinhos. Gra\u00e7as ao processamento de linguagem natural e \u00e0 aprendizagem autom\u00e1tica, o aqu\u00e1rio Lost Chambers oferece uma experi\u00eancia educativa e interactiva para toda a fam\u00edlia.   <\/p>\n","protected":false},"excerpt":{"rendered":"<p>Descubra o Aquaventure, o maior parque aqu\u00e1tico do mundo, com 105 escorregas e atrac\u00e7\u00f5es, uma praia privada e v\u00e1rios restaurantes.<\/p>\n","protected":false},"featured_media":6098,"comment_status":"open","ping_status":"closed","template":"","meta":{"_acf_changed":false},"product_brand":[],"product_cat":[145,165,170,185,195,200],"product_tag":[],"class_list":{"0":"post-7997","1":"product","2":"type-product","3":"status-publish","4":"has-post-thumbnail","6":"product_cat-atividades-aquaticas","7":"product_cat-atividades-familiares","8":"product_cat-atividades-imperdiveis","9":"product_cat-bilhetes-de-entrada","10":"product_cat-os-imperdiveis","11":"product_cat-parques-de-diversoes","13":"first","14":"instock","15":"sale","16":"featured","17":"shipping-taxable","18":"purchasable","19":"product-type-simple"},"acf":[],"_links":{"self":[{"href":"https:\/\/bleudubai.com\/pt-pt\/wp-json\/wp\/v2\/product\/7997","targetHints":{"allow":["GET"]}}],"collection":[{"href":"https:\/\/bleudubai.com\/pt-pt\/wp-json\/wp\/v2\/product"}],"about":[{"href":"https:\/\/bleudubai.com\/pt-pt\/wp-json\/wp\/v2\/types\/product"}],"replies":[{"embeddable":true,"href":"https:\/\/bleudubai.com\/pt-pt\/wp-json\/wp\/v2\/comments?post=7997"}],"wp:featuredmedia":[{"embeddable":true,"href":"https:\/\/bleudubai.com\/pt-pt\/wp-json\/wp\/v2\/media\/6098"}],"wp:attachment":[{"href":"https:\/\/bleudubai.com\/pt-pt\/wp-json\/wp\/v2\/media?parent=7997"}],"wp:term":[{"taxonomy":"product_brand","embeddable":true,"href":"https:\/\/bleudubai.com\/pt-pt\/wp-json\/wp\/v2\/product_brand?post=7997"},{"taxonomy":"product_cat","embeddable":true,"href":"https:\/\/bleudubai.com\/pt-pt\/wp-json\/wp\/v2\/product_cat?post=7997"},{"taxonomy":"product_tag","embeddable":true,"href":"https:\/\/bleudubai.com\/pt-pt\/wp-json\/wp\/v2\/product_tag?post=7997"}],"curies":[{"name":"wp","href":"https:\/\/api.w.org\/{rel}","templated":true}]}}