{"id":7998,"date":"2024-09-01T19:37:27","date_gmt":"2024-09-01T15:37:27","guid":{"rendered":"https:\/\/bleudubai.com\/product\/bilhete-de-entrada-para-o-aquario-atlantis-aquaventure-lost-chambers\/"},"modified":"2025-10-01T18:29:47","modified_gmt":"2025-10-01T14:29:47","slug":"bilhete-de-entrada-para-o-aquario-atlantis-aquaventure-lost-chambers","status":"publish","type":"product","link":"https:\/\/bleudubai.com\/pt-pt\/produto\/bilhete-de-entrada-para-o-aquario-atlantis-aquaventure-lost-chambers\/","title":{"rendered":"Bilhete de entrada para o aqu\u00e1rio Atlantis Aquaventure &amp; Lost Chambers"},"content":{"rendered":"<p>Mergulhe num mundo de emo\u00e7\u00e3o no Aquaventure Waterpark, no Dubai Escorregas e atrac\u00e7\u00f5es que quebram recordes Prepare-se para uma emo\u00e7\u00e3o com mais de 105 escorregas e atrac\u00e7\u00f5es que quebram recordes. Gra\u00e7as \u00e0 intelig\u00eancia artificial, o parque aqu\u00e1tico Aquaventure oferece uma experi\u00eancia \u00fanica. Evite longas filas e desfrute da primeira atra\u00e7\u00e3o de escorrega duplo do mundo dentro de um \u00fanico escorrega. Com mais de 30 escorregas e atrac\u00e7\u00f5es, um rio selvagem com 500 metros de comprimento e uma praia privada de 1 km, h\u00e1 algo para todos. Aproxime-se dos animais marinhos com o Lost Chambers Aquarium Explore o mist\u00e9rio da cidade perdida de Atl\u00e2ntida atrav\u00e9s de 20 exposi\u00e7\u00f5es \u00fanicas no Lost Chambers Aquarium. Com mais de 65.000 criaturas marinhas, incluindo tubar\u00f5es, raias e le\u00f5es marinhos, ter\u00e1 a oportunidade de descobrir os animais marinhos como nunca antes. Caminhe entre as ru\u00ednas antigas e coloque-se na pele de um especialista em animais marinhos. \u00c9 uma experi\u00eancia inesquec\u00edvel para toda a fam\u00edlia.<\/p>\n","protected":false},"excerpt":{"rendered":"<p>Bilhete combinado para Aquaventure e Lost Chambers. Poupe nas tarifas e desfrute de duas incr\u00edveis atrac\u00e7\u00f5es aqu\u00e1ticas. Aquaventure, um parque aqu\u00e1tico com escorregas.<br \/>\nLost Chambers, um aqu\u00e1rio repleto de peixes ex\u00f3ticos.  <\/p>\n","protected":false},"featured_media":6083,"comment_status":"open","ping_status":"closed","template":"","meta":{"_acf_changed":false},"product_brand":[],"product_cat":[145,150,170,185,195,200],"product_tag":[],"class_list":{"0":"post-7998","1":"product","2":"type-product","3":"status-publish","4":"has-post-thumbnail","6":"product_cat-atividades-aquaticas","7":"product_cat-atividades-combinadas","8":"product_cat-atividades-imperdiveis","9":"product_cat-bilhetes-de-entrada","10":"product_cat-os-imperdiveis","11":"product_cat-parques-de-diversoes","13":"first","14":"instock","15":"sale","16":"shipping-taxable","17":"purchasable","18":"product-type-simple"},"acf":[],"_links":{"self":[{"href":"https:\/\/bleudubai.com\/pt-pt\/wp-json\/wp\/v2\/product\/7998","targetHints":{"allow":["GET"]}}],"collection":[{"href":"https:\/\/bleudubai.com\/pt-pt\/wp-json\/wp\/v2\/product"}],"about":[{"href":"https:\/\/bleudubai.com\/pt-pt\/wp-json\/wp\/v2\/types\/product"}],"replies":[{"embeddable":true,"href":"https:\/\/bleudubai.com\/pt-pt\/wp-json\/wp\/v2\/comments?post=7998"}],"wp:featuredmedia":[{"embeddable":true,"href":"https:\/\/bleudubai.com\/pt-pt\/wp-json\/wp\/v2\/media\/6083"}],"wp:attachment":[{"href":"https:\/\/bleudubai.com\/pt-pt\/wp-json\/wp\/v2\/media?parent=7998"}],"wp:term":[{"taxonomy":"product_brand","embeddable":true,"href":"https:\/\/bleudubai.com\/pt-pt\/wp-json\/wp\/v2\/product_brand?post=7998"},{"taxonomy":"product_cat","embeddable":true,"href":"https:\/\/bleudubai.com\/pt-pt\/wp-json\/wp\/v2\/product_cat?post=7998"},{"taxonomy":"product_tag","embeddable":true,"href":"https:\/\/bleudubai.com\/pt-pt\/wp-json\/wp\/v2\/product_tag?post=7998"}],"curies":[{"name":"wp","href":"https:\/\/api.w.org\/{rel}","templated":true}]}}