{"id":7999,"date":"2024-09-01T19:37:27","date_gmt":"2024-09-01T15:37:27","guid":{"rendered":"https:\/\/bleudubai.com\/product\/aquaventure-e-the-lost-chambers-com-transferencias-partilhadas\/"},"modified":"2024-09-01T19:37:27","modified_gmt":"2024-09-01T19:37:27","slug":"aquaventure-e-the-lost-chambers-com-transferencias-partilhadas","status":"publish","type":"product","link":"https:\/\/bleudubai.com\/pt-pt\/produto\/aquaventure-e-the-lost-chambers-com-transferencias-partilhadas\/","title":{"rendered":"Aquaventure e The Lost Chambers com transfer\u00eancias partilhadas"},"content":{"rendered":"<p>Explore uma civiliza\u00e7\u00e3o esquecida visitando o aqu\u00e1rio Lost Chambers, onde 65.000 maravilhosos animais marinhos esperam por si. Junte-se aos Myth Tours de hora a hora para descobrir os animais subaqu\u00e1ticos que nadam acima e ao seu lado. O parque aqu\u00e1tico Aquaventure, que se cr\u00ea ser o primeiro no M\u00e9dio Oriente, oferece passeios e escorregas que quebram recordes, bem como encontros com tubar\u00f5es e raias. H\u00e1 tamb\u00e9m 700 metros de praia privada imaculada e novas \u00e1reas de lounge exclusivas para relaxar. Ambos os destinos oferecem emo\u00e7\u00f5es e relaxamento divinal para uma experi\u00eancia inesquec\u00edvel.<\/p>\n","protected":false},"excerpt":{"rendered":"<p>Desfrute de acesso ilimitado ao Aquaventure e ao Lost Chambers Aquarium, duas das atrac\u00e7\u00f5es ic\u00f3nicas do Dubai. Poupe nas taxas de entrada e nos transferes e desfrute de uma experi\u00eancia marinha emocionante e sem stress. <\/p>\n","protected":false},"featured_media":6068,"comment_status":"open","ping_status":"closed","template":"","meta":{"_acf_changed":false},"product_brand":[],"product_cat":[150,185,200],"product_tag":[],"class_list":{"0":"post-7999","1":"product","2":"type-product","3":"status-publish","4":"has-post-thumbnail","6":"product_cat-atividades-combinadas","7":"product_cat-bilhetes-de-entrada","8":"product_cat-parques-de-diversoes","10":"first","11":"instock","12":"shipping-taxable","13":"purchasable","14":"product-type-simple"},"acf":[],"_links":{"self":[{"href":"https:\/\/bleudubai.com\/pt-pt\/wp-json\/wp\/v2\/product\/7999","targetHints":{"allow":["GET"]}}],"collection":[{"href":"https:\/\/bleudubai.com\/pt-pt\/wp-json\/wp\/v2\/product"}],"about":[{"href":"https:\/\/bleudubai.com\/pt-pt\/wp-json\/wp\/v2\/types\/product"}],"replies":[{"embeddable":true,"href":"https:\/\/bleudubai.com\/pt-pt\/wp-json\/wp\/v2\/comments?post=7999"}],"wp:featuredmedia":[{"embeddable":true,"href":"https:\/\/bleudubai.com\/pt-pt\/wp-json\/wp\/v2\/media\/6068"}],"wp:attachment":[{"href":"https:\/\/bleudubai.com\/pt-pt\/wp-json\/wp\/v2\/media?parent=7999"}],"wp:term":[{"taxonomy":"product_brand","embeddable":true,"href":"https:\/\/bleudubai.com\/pt-pt\/wp-json\/wp\/v2\/product_brand?post=7999"},{"taxonomy":"product_cat","embeddable":true,"href":"https:\/\/bleudubai.com\/pt-pt\/wp-json\/wp\/v2\/product_cat?post=7999"},{"taxonomy":"product_tag","embeddable":true,"href":"https:\/\/bleudubai.com\/pt-pt\/wp-json\/wp\/v2\/product_tag?post=7999"}],"curies":[{"name":"wp","href":"https:\/\/api.w.org\/{rel}","templated":true}]}}