{"id":8733,"date":"2024-12-16T15:24:36","date_gmt":"2024-12-16T11:24:36","guid":{"rendered":"https:\/\/bleudubai.com\/product\/dubai-voar-por-iocoptero\/"},"modified":"2025-10-15T08:57:25","modified_gmt":"2025-10-15T04:57:25","slug":"dubai-voar-por-iocoptero","status":"publish","type":"product","link":"https:\/\/bleudubai.com\/pt-pt\/produto\/dubai-voar-por-iocoptero\/","title":{"rendered":"Dubai : Voo de Gyrocopter"},"content":{"rendered":"<p><span style=\"font-weight: 400;\">Mergulha numa aventura a\u00e9rea \u00fanica com uma inicia\u00e7\u00e3o ao giroc\u00f3ptero no Dubai. Sobe a bordo deste exclusivo avi\u00e3o de dois lugares para uma experi\u00eancia inesquec\u00edvel a uma altitude de 1.500 p\u00e9s. Sob a orienta\u00e7\u00e3o de um piloto experiente, sobrevoar\u00e1s a Marina do Dubai, com vistas deslumbrantes sobre o Dubai Eye, a Palm Jumeirah, o Atlantis Hotel, as Ilhas do Mundo e o majestoso Burj Al Arab.  <\/span><\/p>\n","protected":false},"excerpt":{"rendered":"<p><span style=\"font-weight: 400;\">Desfruta de uma inicia\u00e7\u00e3o ao giroc\u00f3ptero no Dubai e sobe at\u00e9 1.500 p\u00e9s para admirar locais emblem\u00e1ticos como Palm Jumeirah e o Burj Al Arab.<\/span><\/p>\n","protected":false},"featured_media":8631,"comment_status":"open","ping_status":"closed","template":"","meta":{"_acf_changed":false},"product_brand":[],"product_cat":[155,205],"product_tag":[],"class_list":{"0":"post-8733","1":"product","2":"type-product","3":"status-publish","4":"has-post-thumbnail","6":"product_cat-atividades-no-ar","7":"product_cat-desporto-e-adrenalina","9":"first","10":"instock","11":"shipping-taxable","12":"purchasable","13":"product-type-simple"},"acf":[],"_links":{"self":[{"href":"https:\/\/bleudubai.com\/pt-pt\/wp-json\/wp\/v2\/product\/8733","targetHints":{"allow":["GET"]}}],"collection":[{"href":"https:\/\/bleudubai.com\/pt-pt\/wp-json\/wp\/v2\/product"}],"about":[{"href":"https:\/\/bleudubai.com\/pt-pt\/wp-json\/wp\/v2\/types\/product"}],"replies":[{"embeddable":true,"href":"https:\/\/bleudubai.com\/pt-pt\/wp-json\/wp\/v2\/comments?post=8733"}],"wp:featuredmedia":[{"embeddable":true,"href":"https:\/\/bleudubai.com\/pt-pt\/wp-json\/wp\/v2\/media\/8631"}],"wp:attachment":[{"href":"https:\/\/bleudubai.com\/pt-pt\/wp-json\/wp\/v2\/media?parent=8733"}],"wp:term":[{"taxonomy":"product_brand","embeddable":true,"href":"https:\/\/bleudubai.com\/pt-pt\/wp-json\/wp\/v2\/product_brand?post=8733"},{"taxonomy":"product_cat","embeddable":true,"href":"https:\/\/bleudubai.com\/pt-pt\/wp-json\/wp\/v2\/product_cat?post=8733"},{"taxonomy":"product_tag","embeddable":true,"href":"https:\/\/bleudubai.com\/pt-pt\/wp-json\/wp\/v2\/product_tag?post=8733"}],"curies":[{"name":"wp","href":"https:\/\/api.w.org\/{rel}","templated":true}]}}