{"id":8738,"date":"2024-12-16T18:27:24","date_gmt":"2024-12-16T14:27:24","guid":{"rendered":"https:\/\/bleudubai.com\/product\/dubai-tyrolienne-a-travers-la-marina\/"},"modified":"2025-10-09T17:25:36","modified_gmt":"2025-10-09T13:25:36","slug":"dubai-tyrolienne-a-travers-la-marina","status":"publish","type":"product","link":"https:\/\/bleudubai.com\/pt-pt\/produto\/dubai-tyrolienne-a-travers-la-marina\/","title":{"rendered":"Dubai: Travessia tirolesa da marina"},"content":{"rendered":"<p><span style=\"font-weight: 400;\">Sobrevoe a Marina do Dubai na mais longa tirolesa urbana do mundo, gerida por uma equipa altamente qualificada e certificada a n\u00edvel mundial que garante a m\u00e1xima seguran\u00e7a com testes e manuten\u00e7\u00e3o regulares. A aventura come\u00e7a a 170 metros de altura a partir das Anwaj Towers, com uma descida de 16 graus que oferece vistas panor\u00e2micas da luxuosa marina abaixo. Atinja velocidades at\u00e9 80 km\/h, deitado de barriga para baixo, como um super-her\u00f3i, para uma sensa\u00e7\u00e3o de voo inesquec\u00edvel.  <\/span><\/p>\n<p><span style=\"font-weight: 400;\">Duas linhas paralelas permitem-lhe partilhar esta experi\u00eancia com um amigo. Receber\u00e1 fotografias e um v\u00eddeo do seu voo, perfeito para imortalizar e partilhar esta aventura \u00fanica. <\/span><\/p>\n","protected":false},"excerpt":{"rendered":"<p><span style=\"font-weight: 400;\">Experimente a emo\u00e7\u00e3o da mais longa tirolesa urbana do mundo na Marina do Dubai. Sobrevoe a cidade sozinho ou com um amigo, com fotografias e v\u00eddeos inclu\u00eddos. <\/span><\/p>\n","protected":false},"featured_media":8668,"comment_status":"open","ping_status":"closed","template":"","meta":{"_acf_changed":false},"product_brand":[],"product_cat":[165,170,155,205],"product_tag":[],"class_list":{"0":"post-8738","1":"product","2":"type-product","3":"status-publish","4":"has-post-thumbnail","6":"product_cat-atividades-familiares","7":"product_cat-atividades-imperdiveis","8":"product_cat-atividades-no-ar","9":"product_cat-desporto-e-adrenalina","11":"first","12":"instock","13":"featured","14":"shipping-taxable","15":"purchasable","16":"product-type-simple"},"acf":[],"_links":{"self":[{"href":"https:\/\/bleudubai.com\/pt-pt\/wp-json\/wp\/v2\/product\/8738","targetHints":{"allow":["GET"]}}],"collection":[{"href":"https:\/\/bleudubai.com\/pt-pt\/wp-json\/wp\/v2\/product"}],"about":[{"href":"https:\/\/bleudubai.com\/pt-pt\/wp-json\/wp\/v2\/types\/product"}],"replies":[{"embeddable":true,"href":"https:\/\/bleudubai.com\/pt-pt\/wp-json\/wp\/v2\/comments?post=8738"}],"wp:featuredmedia":[{"embeddable":true,"href":"https:\/\/bleudubai.com\/pt-pt\/wp-json\/wp\/v2\/media\/8668"}],"wp:attachment":[{"href":"https:\/\/bleudubai.com\/pt-pt\/wp-json\/wp\/v2\/media?parent=8738"}],"wp:term":[{"taxonomy":"product_brand","embeddable":true,"href":"https:\/\/bleudubai.com\/pt-pt\/wp-json\/wp\/v2\/product_brand?post=8738"},{"taxonomy":"product_cat","embeddable":true,"href":"https:\/\/bleudubai.com\/pt-pt\/wp-json\/wp\/v2\/product_cat?post=8738"},{"taxonomy":"product_tag","embeddable":true,"href":"https:\/\/bleudubai.com\/pt-pt\/wp-json\/wp\/v2\/product_tag?post=8738"}],"curies":[{"name":"wp","href":"https:\/\/api.w.org\/{rel}","templated":true}]}}