{"id":8744,"date":"2024-12-05T20:26:02","date_gmt":"2024-12-05T16:26:02","guid":{"rendered":"https:\/\/bleudubai.com\/product\/green-planet-a-tropical-drilling-unique-interior\/"},"modified":"2025-08-06T12:57:31","modified_gmt":"2025-08-06T08:57:31","slug":"green-planet-a-tropical-drilling-unique-interior","status":"publish","type":"product","link":"https:\/\/bleudubai.com\/pt-pt\/produto\/green-planet-a-tropical-drilling-unique-interior\/","title":{"rendered":"Green Planet: uma floresta tropical \u00fanica dentro de casa"},"content":{"rendered":"<p><span style=\"font-weight: 400;\">O Green Planet \u00e9 um biodome \u00fanico que o convida a explorar a rica flora e fauna do nosso planeta atrav\u00e9s de uma experi\u00eancia imersiva no meio de uma floresta tropical. Este ecossistema verdadeiramente recriado alberga mais de 3.000 plantas e animais, bem como a maior \u00e1rvore de interior alguma vez plantada pelo homem. <\/span><\/p>\n<p><span style=\"font-weight: 400;\">Vive uma aventura inesquec\u00edvel ao visitares a gruta dos morcegos, descobrires esp\u00e9cies incr\u00edveis e tocares numa jiboia esmeralda, se fores suficientemente corajoso. Encante-se com os cantos dos p\u00e1ssaros tropicais que voam livremente pelo Planeta Verde. N\u00e3o deixe de cumprimentar uma das duas pregui\u00e7as, que dormem tranquilamente durante a maior parte do dia. Tamb\u00e9m pode observar os macacos-esquilo, que se movem agilmente de \u00e1rvore em \u00e1rvore nas suas longas caudas.   <\/span><\/p>\n<p><span style=\"font-weight: 400;\">Esta instala\u00e7\u00e3o educativa e divertida destaca o fr\u00e1gil equil\u00edbrio da natureza e a import\u00e2ncia de preservar um dos ecossistemas vivos mais antigos do mundo. <\/span><\/p>\n<p><span style=\"font-weight: 400;\">O Green Planet \u00e9 um passeio educativo ideal para toda a fam\u00edlia, concebido para sensibilizar jovens e adultos para a riqueza da biodiversidade do nosso planeta e para a import\u00e2ncia da sua prote\u00e7\u00e3o.<\/span><\/p>\n","protected":false},"excerpt":{"rendered":"<p><span style=\"font-weight: 400;\">Visite o Green Planet no Dubai, uma floresta tropical interior que alberga mais de 3000 esp\u00e9cies. <\/span><\/p>\n","protected":false},"featured_media":7409,"comment_status":"open","ping_status":"closed","template":"","meta":{"_acf_changed":false},"product_brand":[],"product_cat":[165,185,190],"product_tag":[],"class_list":{"0":"post-8744","1":"product","2":"type-product","3":"status-publish","4":"has-post-thumbnail","6":"product_cat-atividades-familiares","7":"product_cat-bilhetes-de-entrada","8":"product_cat-city-pass-pt","10":"first","11":"instock","12":"shipping-taxable","13":"purchasable","14":"product-type-simple"},"acf":[],"_links":{"self":[{"href":"https:\/\/bleudubai.com\/pt-pt\/wp-json\/wp\/v2\/product\/8744","targetHints":{"allow":["GET"]}}],"collection":[{"href":"https:\/\/bleudubai.com\/pt-pt\/wp-json\/wp\/v2\/product"}],"about":[{"href":"https:\/\/bleudubai.com\/pt-pt\/wp-json\/wp\/v2\/types\/product"}],"replies":[{"embeddable":true,"href":"https:\/\/bleudubai.com\/pt-pt\/wp-json\/wp\/v2\/comments?post=8744"}],"wp:featuredmedia":[{"embeddable":true,"href":"https:\/\/bleudubai.com\/pt-pt\/wp-json\/wp\/v2\/media\/7409"}],"wp:attachment":[{"href":"https:\/\/bleudubai.com\/pt-pt\/wp-json\/wp\/v2\/media?parent=8744"}],"wp:term":[{"taxonomy":"product_brand","embeddable":true,"href":"https:\/\/bleudubai.com\/pt-pt\/wp-json\/wp\/v2\/product_brand?post=8744"},{"taxonomy":"product_cat","embeddable":true,"href":"https:\/\/bleudubai.com\/pt-pt\/wp-json\/wp\/v2\/product_cat?post=8744"},{"taxonomy":"product_tag","embeddable":true,"href":"https:\/\/bleudubai.com\/pt-pt\/wp-json\/wp\/v2\/product_tag?post=8744"}],"curies":[{"name":"wp","href":"https:\/\/api.w.org\/{rel}","templated":true}]}}